{"id":138,"date":"2025-05-02T16:16:48","date_gmt":"2025-05-02T14:16:48","guid":{"rendered":"http:\/\/idffroidservices.fr\/?page_id=138"},"modified":"2025-05-04T00:33:07","modified_gmt":"2025-05-03T22:33:07","slug":"installation","status":"publish","type":"page","link":"https:\/\/idffroidservices.fr\/index.php\/installation\/","title":{"rendered":"Installation"},"content":{"rendered":"<form role=\"search\" method=\"get\" action=\"https:\/\/idffroidservices.fr\/\" class=\"wp-block-search__button-outside wp-block-search__text-button wp-block-search\"    ><label class=\"wp-block-search__label screen-reader-text\" for=\"wp-block-search__input-1\" >Rechercher<\/label><div class=\"wp-block-search__inside-wrapper\" ><input class=\"wp-block-search__input\" id=\"wp-block-search__input-1\" placeholder=\"\" value=\"\" type=\"search\" name=\"s\" required \/><button aria-label=\"Rechercher\" class=\"wp-block-search__button wp-element-button\" type=\"submit\" >Rechercher<\/button><\/div><\/form>\n\n\n<p><strong>Tout commence par une visite sur site pour \u00e9tudier au mieux vos besoins et vous apporter&nbsp;des conseils et solutions les mieux adapt\u00e9s \u00e0 votre activit\u00e9.<\/strong><br><strong>Une fois votre choix valid\u00e9, nous proc\u00e9dons \u00e0 la r\u00e9alisation de l\u2019installation<\/strong>.<\/p>\n\n\n\n<figure class=\"wp-block-gallery has-nested-images columns-3 is-cropped wp-block-gallery-2 is-layout-flex wp-block-gallery-is-layout-flex\">\n<figure class=\"wp-block-image size-large\"><img loading=\"lazy\" decoding=\"async\" width=\"1024\" height=\"768\" data-id=\"139\" src=\"http:\/\/idffroidservices.fr\/wp-content\/uploads\/2025\/05\/Climatisation-bi-split.jpe\" alt=\"\" class=\"wp-image-139\"\/><\/figure>\n\n\n\n<figure class=\"wp-block-image size-large\"><img loading=\"lazy\" decoding=\"async\" width=\"2560\" height=\"1920\" data-id=\"140\" src=\"http:\/\/idffroidservices.fr\/wp-content\/uploads\/2025\/05\/chambres-froides-positive-et-negative-scaled.jpg\" alt=\"\" class=\"wp-image-140\"\/><\/figure>\n\n\n\n<figure class=\"wp-block-image size-large\"><img loading=\"lazy\" decoding=\"async\" width=\"1292\" height=\"969\" data-id=\"141\" src=\"http:\/\/idffroidservices.fr\/wp-content\/uploads\/2025\/05\/ooapin.jpe\" alt=\"\" class=\"wp-image-141\"\/><\/figure>\n<\/figure>\n\n\n\n<p><\/p>\n\n\n\n<p><\/p>\n","protected":false},"excerpt":{"rendered":"<p>Tout commence par une visite sur site pour \u00e9tudier au mieux vos besoins et vous apporter&nbsp;des conseils et solutions les mieux adapt\u00e9s \u00e0 votre activit\u00e9.Une fois votre choix valid\u00e9, nous proc\u00e9dons \u00e0 la r\u00e9alisation de l\u2019installation.<\/p>\n","protected":false},"author":1,"featured_media":0,"parent":0,"menu_order":0,"comment_status":"closed","ping_status":"closed","template":"","meta":{"footnotes":""},"class_list":["post-138","page","type-page","status-publish","hentry"],"_links":{"self":[{"href":"https:\/\/idffroidservices.fr\/index.php\/wp-json\/wp\/v2\/pages\/138","targetHints":{"allow":["GET"]}}],"collection":[{"href":"https:\/\/idffroidservices.fr\/index.php\/wp-json\/wp\/v2\/pages"}],"about":[{"href":"https:\/\/idffroidservices.fr\/index.php\/wp-json\/wp\/v2\/types\/page"}],"author":[{"embeddable":true,"href":"https:\/\/idffroidservices.fr\/index.php\/wp-json\/wp\/v2\/users\/1"}],"replies":[{"embeddable":true,"href":"https:\/\/idffroidservices.fr\/index.php\/wp-json\/wp\/v2\/comments?post=138"}],"version-history":[{"count":3,"href":"https:\/\/idffroidservices.fr\/index.php\/wp-json\/wp\/v2\/pages\/138\/revisions"}],"predecessor-version":[{"id":171,"href":"https:\/\/idffroidservices.fr\/index.php\/wp-json\/wp\/v2\/pages\/138\/revisions\/171"}],"wp:attachment":[{"href":"https:\/\/idffroidservices.fr\/index.php\/wp-json\/wp\/v2\/media?parent=138"}],"curies":[{"name":"wp","href":"https:\/\/api.w.org\/{rel}","templated":true}]}}